{"id":62,"date":"2013-11-11T12:47:59","date_gmt":"2013-11-11T12:47:59","guid":{"rendered":"http:\/\/bukuroca.org\/?page_id=62"},"modified":"2019-05-19T11:28:27","modified_gmt":"2019-05-19T11:28:27","slug":"si-te-kontribosh","status":"publish","type":"page","link":"http:\/\/bukuroca.org\/?page_id=62","title":{"rendered":"Si t\u00eb kontribosh"},"content":{"rendered":"<table width=\"866\">\n<tbody>\n<tr>\n<td colspan=\"4\" width=\"866\"><strong>STRUKTURA E DONACIONEVE (KONTRIBUTIT) VULLNETAR &#8220;JO OBLIKATIVE &#8221;&nbsp; DHE NDARJA E KATEGOTIVE<\/strong><\/td>\n<\/tr>\n<tr>\n<td>&nbsp;<\/td>\n<td>&nbsp;<\/td>\n<td>&nbsp;<\/td>\n<td><strong>PAGESA<\/strong><\/td>\n<\/tr>\n<tr>\n<td colspan=\"2\"><strong>KATEGORIA NR.<\/strong><\/td>\n<td><strong>EMERTIMI I KATEGORIVE DHE SHTJELLIMI I TYRE DUKE TREGUAR NE THELL\u00cbSI T\u00cb DHENAT<\/strong><\/td>\n<td><strong>EUR\/CHF<\/strong><\/td>\n<\/tr>\n<tr>\n<td colspan=\"4\">KJO RRADHITJE \u00cbSHT\u00cb&nbsp; B\u00cbR P\u00cbR T\u00cb GJITH ATA Q\u00cb POSEDOJN SHT\u00cbPI N\u00cb BASHKESIN LOKALE &#8220;BUKUROC&#8221;<\/td>\n<\/tr>\n<tr>\n<td>1.<\/td>\n<td>&nbsp;<\/td>\n<td>BIZNESI I MES\u00cbM N\u00cb VEND DHE JASHT VENDIT<\/td>\n<td>100-300<\/td>\n<\/tr>\n<tr>\n<td>&nbsp;<\/td>\n<td>&nbsp;<\/td>\n<td>&nbsp;<\/td>\n<td>&nbsp;<\/td>\n<\/tr>\n<tr>\n<td>2.<\/td>\n<td>&nbsp;<\/td>\n<td>BIZNESI I VOGEL N\u00cb VEND DHE JASHT VENDIT<\/td>\n<td>50-150<\/td>\n<\/tr>\n<tr>\n<td>&nbsp;<\/td>\n<td>&nbsp;<\/td>\n<td>&nbsp;<\/td>\n<td>&nbsp;<\/td>\n<\/tr>\n<tr>\n<td>3.<\/td>\n<td>&nbsp;<\/td>\n<td>BASHKATDHETAR\u00cbT&nbsp; T\u00cb PUN\u00cbSUARIT N\u00cb SHTETET EUROPIANE&nbsp;&nbsp;<\/td>\n<td>100<\/td>\n<\/tr>\n<tr>\n<td>&nbsp;<\/td>\n<td>&nbsp;<\/td>\n<td>&nbsp;<\/td>\n<td>&nbsp;<\/td>\n<\/tr>\n<tr>\n<td>4.<\/td>\n<td>&nbsp;<\/td>\n<td>BASHKATDHETAR\u00cbT&nbsp; T\u00cb PUN\u00cbSUAR N\u00cb ZVIC\u00cbRR&nbsp;<\/td>\n<td>150<\/td>\n<\/tr>\n<tr>\n<td>&nbsp;<\/td>\n<td>&nbsp;<\/td>\n<td>&nbsp;<\/td>\n<td>&nbsp;<\/td>\n<\/tr>\n<tr>\n<td>5.<\/td>\n<td>&nbsp;<\/td>\n<td>T\u00cb PUN\u00cbSUARIT NE&nbsp; VEND ME KUSHTE ME TE MIRA&nbsp;<\/td>\n<td>50<\/td>\n<\/tr>\n<tr>\n<td>&nbsp;<\/td>\n<td>&nbsp;<\/td>\n<td>&nbsp;<\/td>\n<td>&nbsp;<\/td>\n<\/tr>\n<tr>\n<td>6.<\/td>\n<td>&nbsp;<\/td>\n<td>T\u00cb PUN\u00cbSUARIT NE&nbsp; VEND ME NJ\u00cb RROG\u00cb<\/td>\n<td>30<\/td>\n<\/tr>\n<tr>\n<td>&nbsp;<\/td>\n<td>&nbsp;<\/td>\n<td>&nbsp;<\/td>\n<td>&nbsp;<\/td>\n<\/tr>\n<tr>\n<td>7.<\/td>\n<td>&nbsp;<\/td>\n<td>T\u00cb PA&nbsp; PUN\u00cbT&nbsp; POR ME KUSHTE PAK M\u00cb T\u00cb MIRA<\/td>\n<td>20<\/td>\n<\/tr>\n<tr>\n<td>&nbsp;<\/td>\n<td>&nbsp;<\/td>\n<td>&nbsp;<\/td>\n<td>&nbsp;<\/td>\n<\/tr>\n<tr>\n<td>8.<\/td>\n<td>&nbsp;<\/td>\n<td>BASHK\u00cbFSHATAR\u00cbT ME KUSHTE&nbsp;&nbsp; PAK T\u00cb VESHTIRA<\/td>\n<td>10<\/td>\n<\/tr>\n<tr>\n<td>&nbsp;<\/td>\n<td>&nbsp;<\/td>\n<td>&nbsp;<\/td>\n<td>&nbsp;<\/td>\n<\/tr>\n<tr>\n<td>9.<\/td>\n<td>&nbsp;<\/td>\n<td>BASHK\u00cbFSHATAR\u00cbT ME KUSHTE&nbsp;&nbsp; T\u00cb VESHTIRA<\/td>\n<td>5<\/td>\n<\/tr>\n<\/tbody>\n<\/table>\n<p>&nbsp;<\/p>\n","protected":false},"excerpt":{"rendered":"<p>STRUKTURA E DONACIONEVE (KONTRIBUTIT) VULLNETAR &#8220;JO OBLIKATIVE &#8221;&nbsp; DHE NDARJA E KATEGOTIVE &nbsp; &nbsp; &nbsp; PAGESA KATEGORIA NR. EMERTIMI I KATEGORIVE DHE SHTJELLIMI I TYRE DUKE TREGUAR NE THELL\u00cbSI T\u00cb DHENAT EUR\/CHF KJO RRADHITJE \u00cbSHT\u00cb&nbsp; B\u00cbR P\u00cbR T\u00cb GJITH ATA Q\u00cb POSEDOJN SHT\u00cbPI N\u00cb BASHKESIN LOKALE &#8220;BUKUROC&#8221; 1. &nbsp; BIZNESI I MES\u00cbM N\u00cb VEND DHE &hellip; <\/p>\n<p><a class=\"more-link btn\" href=\"http:\/\/bukuroca.org\/?page_id=62\">Continue reading<\/a><\/p>\n","protected":false},"author":3,"featured_media":0,"parent":9,"menu_order":10,"comment_status":"open","ping_status":"closed","template":"","meta":{"ngg_post_thumbnail":0,"footnotes":""},"_links":{"self":[{"href":"http:\/\/bukuroca.org\/index.php?rest_route=\/wp\/v2\/pages\/62"}],"collection":[{"href":"http:\/\/bukuroca.org\/index.php?rest_route=\/wp\/v2\/pages"}],"about":[{"href":"http:\/\/bukuroca.org\/index.php?rest_route=\/wp\/v2\/types\/page"}],"author":[{"embeddable":true,"href":"http:\/\/bukuroca.org\/index.php?rest_route=\/wp\/v2\/users\/3"}],"replies":[{"embeddable":true,"href":"http:\/\/bukuroca.org\/index.php?rest_route=%2Fwp%2Fv2%2Fcomments&post=62"}],"version-history":[{"count":7,"href":"http:\/\/bukuroca.org\/index.php?rest_route=\/wp\/v2\/pages\/62\/revisions"}],"predecessor-version":[{"id":849,"href":"http:\/\/bukuroca.org\/index.php?rest_route=\/wp\/v2\/pages\/62\/revisions\/849"}],"up":[{"embeddable":true,"href":"http:\/\/bukuroca.org\/index.php?rest_route=\/wp\/v2\/pages\/9"}],"wp:attachment":[{"href":"http:\/\/bukuroca.org\/index.php?rest_route=%2Fwp%2Fv2%2Fmedia&parent=62"}],"curies":[{"name":"wp","href":"https:\/\/api.w.org\/{rel}","templated":true}]}}