{"id":5,"date":"2013-11-05T12:12:07","date_gmt":"2013-11-05T12:12:07","guid":{"rendered":"http:\/\/bukuroca.org\/?page_id=5"},"modified":"2020-04-20T12:22:16","modified_gmt":"2020-04-20T12:22:16","slug":"kryesia","status":"publish","type":"page","link":"http:\/\/bukuroca.org\/?page_id=5","title":{"rendered":"Kryesia"},"content":{"rendered":"<table style=\"height: 258px;\" border=\"0\" width=\"806\" cellspacing=\"0\" cellpadding=\"0\">\n<colgroup>\n<col width=\"159\">\n<col width=\"168\">\n<col width=\"151\"> <\/colgroup>\n<tbody>\n<tr>\n<td height=\"22\">&nbsp;<\/td>\n<td height=\"22\">&nbsp;<\/td>\n<td>&nbsp;<\/td>\n<td>&nbsp;<\/td>\n<\/tr>\n<tr>\n<td style=\"text-align: center;\" height=\"20\">Kryetar<\/td>\n<td style=\"text-align: center;\" height=\"20\">Sekretar<\/td>\n<td style=\"text-align: center;\">Arkatar<\/td>\n<td style=\"text-align: center;\">Menaxher i Projekteve<\/td>\n<\/tr>\n<tr>\n<td height=\"21\">MUHAMER LIMANI<\/td>\n<td style=\"text-align: center;\" height=\"21\">IMRAN SINANI<\/td>\n<td style=\"text-align: center;\">URIM ALIU<\/td>\n<td style=\"text-align: center;\">DRITAN MUSLIU<\/td>\n<\/tr>\n<tr>\n<td height=\"21\"><a href=\"mailto:kryetari@bukuroca.org\">kryetari@bukuroca.org<\/a><\/td>\n<td height=\"21\"><a href=\"mailto:sekretari@bukuroca.org\">sekretari@bukuroca.org<\/a><\/td>\n<td style=\"text-align: center;\"><a href=\"mailto:arkatari@bukuroca.org\">arkatari@bukuroca.org<\/a><\/td>\n<td style=\"text-align: center;\"><a href=\"mailto:projekte@bukuroca.org\">projekte@bukuroca.org<\/a><\/td>\n<\/tr>\n<tr>\n<td style=\"text-align: center;\" height=\"20\">zv.Kryetar<\/td>\n<td style=\"text-align: center;\" height=\"20\">&nbsp;<\/td>\n<td>&nbsp;<\/td>\n<td>&nbsp;<\/td>\n<\/tr>\n<tr>\n<td height=\"20\">&nbsp;ABDULLA ABDIU<\/td>\n<td height=\"20\">&nbsp;info@bukuroca.org<\/td>\n<td>bl.bukuroca@bukuroca.org<\/td>\n<td>&nbsp;<\/td>\n<\/tr>\n<\/tbody>\n<\/table>\n<p>&nbsp;<\/p>\n<table border=\"0\" width=\"532\" cellspacing=\"0\" cellpadding=\"0\">\n<colgroup>\n<col width=\"175\">\n<col width=\"185\">\n<col width=\"172\"> <\/colgroup>\n<tbody>\n<tr>\n<td width=\"175\" height=\"20\">&nbsp;<\/td>\n<td width=\"185\">&nbsp;<\/td>\n<td width=\"172\">&nbsp;<\/td>\n<\/tr>\n<tr>\n<td style=\"text-align: center;\" colspan=\"3\" height=\"20\"><strong>PLEQ\u00cbSIA E BASHK\u00cbSIS LOKALE BUKUROC E CILA P\u00cbRB\u00cbHET NGA 21 ANTAR\u00cbSH<\/strong><\/td>\n<\/tr>\n<tr>\n<td height=\"20\">&nbsp;<\/td>\n<td>&nbsp;<\/td>\n<td>&nbsp;<\/td>\n<\/tr>\n<tr>\n<td height=\"24\">1.Meriton Murtezi<\/td>\n<td>8.Bashkim Ramadani<\/td>\n<td>15.<\/td>\n<\/tr>\n<tr>\n<td height=\"20\">2.Abdulla Abdiu<\/td>\n<td>9. Lulzim Miftari<\/td>\n<td>16.<\/td>\n<\/tr>\n<tr>\n<td height=\"20\">3.Muhamer Limani<\/td>\n<td>10.Isuf Qerimi<\/td>\n<td>17<\/td>\n<\/tr>\n<tr>\n<td height=\"20\">4.Urim Aliu<\/td>\n<td>11.Imran Sinani<\/td>\n<td>18.<\/td>\n<\/tr>\n<tr>\n<td height=\"20\">5.Armend Ibrahimi<\/td>\n<td>12.Lavdim Musliu<\/td>\n<td>19.<\/td>\n<\/tr>\n<tr>\n<td height=\"20\">6.Rinor Kurtishi<\/td>\n<td>13.Halit Junuzi<\/td>\n<td>20.<\/td>\n<\/tr>\n<tr>\n<td height=\"20\">7.Shefki Junuzi<\/td>\n<td>14<\/td>\n<td>21.<\/td>\n<\/tr>\n<\/tbody>\n<\/table>\n<p>&nbsp;<\/p>\n<p>&nbsp;<\/p>\n","protected":false},"excerpt":{"rendered":"<p>&nbsp; &nbsp; &nbsp; &nbsp; Kryetar Sekretar Arkatar Menaxher i Projekteve MUHAMER LIMANI IMRAN SINANI URIM ALIU DRITAN MUSLIU kryetari@bukuroca.org sekretari@bukuroca.org arkatari@bukuroca.org projekte@bukuroca.org zv.Kryetar &nbsp; &nbsp; &nbsp; &nbsp;ABDULLA ABDIU &nbsp;info@bukuroca.org bl.bukuroca@bukuroca.org &nbsp; &nbsp; &nbsp; &nbsp; &nbsp; PLEQ\u00cbSIA E BASHK\u00cbSIS LOKALE BUKUROC E CILA P\u00cbRB\u00cbHET NGA 21 ANTAR\u00cbSH &nbsp; &nbsp; &nbsp; 1.Meriton Murtezi 8.Bashkim Ramadani 15. 2.Abdulla &hellip; <\/p>\n<p><a class=\"more-link btn\" href=\"http:\/\/bukuroca.org\/?page_id=5\">Continue reading<\/a><\/p>\n","protected":false},"author":3,"featured_media":0,"parent":0,"menu_order":10,"comment_status":"closed","ping_status":"closed","template":"","meta":{"ngg_post_thumbnail":0,"footnotes":""},"_links":{"self":[{"href":"http:\/\/bukuroca.org\/index.php?rest_route=\/wp\/v2\/pages\/5"}],"collection":[{"href":"http:\/\/bukuroca.org\/index.php?rest_route=\/wp\/v2\/pages"}],"about":[{"href":"http:\/\/bukuroca.org\/index.php?rest_route=\/wp\/v2\/types\/page"}],"author":[{"embeddable":true,"href":"http:\/\/bukuroca.org\/index.php?rest_route=\/wp\/v2\/users\/3"}],"replies":[{"embeddable":true,"href":"http:\/\/bukuroca.org\/index.php?rest_route=%2Fwp%2Fv2%2Fcomments&post=5"}],"version-history":[{"count":10,"href":"http:\/\/bukuroca.org\/index.php?rest_route=\/wp\/v2\/pages\/5\/revisions"}],"predecessor-version":[{"id":899,"href":"http:\/\/bukuroca.org\/index.php?rest_route=\/wp\/v2\/pages\/5\/revisions\/899"}],"wp:attachment":[{"href":"http:\/\/bukuroca.org\/index.php?rest_route=%2Fwp%2Fv2%2Fmedia&parent=5"}],"curies":[{"name":"wp","href":"https:\/\/api.w.org\/{rel}","templated":true}]}}