{"id":2,"date":"2013-10-07T16:31:27","date_gmt":"2013-10-07T16:31:27","guid":{"rendered":"http:\/\/bukuroca.org\/?page_id=2"},"modified":"2013-11-25T14:09:29","modified_gmt":"2013-11-25T14:09:29","slug":"sample-page","status":"publish","type":"page","link":"http:\/\/bukuroca.org\/?page_id=2","title":{"rendered":"Historiku"},"content":{"rendered":"<p><b>Fshati Bukuroc gjindet 7 km larg, n\u00eb veri lindje t\u00eb qytetit t<\/b><b>\u00eb Preshev\u00ebs,n\u00eb lindje t\u00eb fshatit gjendet Autostrada E75 n\u00eb perendim gjendet Hekurudha Beograd-Selanik, nd\u00ebrsa kufizohet me fshatrat Zhunic\u00eb, Rahovic\u00eb, Corrotic\u00eb dhe p\u00ebrtej magjistrales E75 kufizohet me fshatin Bila\u00e7 dhe Bushtran.<\/b><\/p>\n<p><b>Bashk\u00ebsia lokale Bukuroc num\u00ebron mbi 180 sht\u00ebpi me gjith\u00ebsej afro 1.000 banor\u00eb.<\/b><\/p>\n<p><b>Nd\u00ebrsa mbi 90 familje sot jetojn\u00eb n\u00eb Diaspor t\u00eb cil\u00ebt jan\u00eb gjithmon\u00eb kontribues p\u00ebr fshatin.<\/b><\/p>\n<p><b>Fshati jon\u00eb \u00ebsht\u00eb nj\u00eb vend me shum\u00eb pasuri,ka tok\u00eb pjellore,nj\u00eb teritor t\u00eb madh\u00eb me livdhe.Banor\u00ebt e fshatit kryesisht meren me ruajtjen dhe kultivimin e bagtive(lop\u00ebve),n\u00eb fshat gjendet fabrika Fontana q\u00eb b\u00ebn grumbullimin,p\u00ebrpunimin e qumshtit t\u00eb fshatit ton\u00eb dhe fshatrave t\u00eb rrethin\u00ebs s\u00eb Preshev\u00ebs dhe Bujanoc\u00ebs.<\/b><\/p>\n<p><b>Pastaj karakteristik\u00eb e ve\u00e7ant \u00ebsht\u00eb se fshati identifikohet edhe p\u00ebr hapjen e puseve p\u00ebr uj\u00eb t\u00eb pish\u00ebm ku num\u00ebrohen afro 40 makina q\u00eb merren me hapjen e puseve p\u00ebr uj\u00eb t\u00eb pish\u00ebm.<\/b><\/p>\n<p><b>N\u00eb fshat gjendet xhamia q\u00eb \u00ebsht\u00eb nd\u00ebrtuar m\u00eb \u2026\u2026\u2026\u2026\u2026\u2026\u2026\u2026dhe \u00ebsht\u00eb renovuar disa her,n\u00eb oborr gjendet shad\u00ebrvani dhe m\u00ebsojtorja p\u00ebr m\u00ebsim fetar.<\/b><\/p>\n<p><b>N\u00eb  fshat gjithashtu gjenden edhe dy farma pulash, kultivues bletash\u00eb dhe nje prodhues gypash p\u00ebr uj\u00ebsjell\u00ebs.<\/b><\/p>\n<p><b>Nd\u00ebrsa edhe vet fshati \u00ebsht\u00eb i pasur me uj\u00eb ku n\u00eb vet\u00ebm 3 metra lajm\u00ebrohet uji, ku tani kemi dy \u00e7ezma q\u00eb kan\u00eb uj\u00eb t\u00eb pashtersh\u00ebm.<\/b><\/p>\n<p><b>Kur jemi tek hekurudha n\u00eb fshat \u00ebsht\u00eb edhe stacioni i trenave ku m\u00eb par\u00eb ka qen\u00eb stacioni m\u00eb i frekuentuar,pasi t\u00eb gjith\u00eb banor\u00ebt e fshatrave aty kan\u00eb hype dhe zbrit\u00eb,sepse n\u00eb Stacionin Hkurudhor\u00eb ka pas presione nga policia por dhe pasiguri p\u00ebr shqiptar\u00ebt.<\/b><\/p>\n<p><b>N\u00eb fshat\u00eb po ashtu kalon edhe lumi Moravica<\/b><\/p>\n<p><b>Nd\u00ebrsa k\u00ebto vitet e fundit me nd\u00ebrtimin e magjistrales banor\u00ebt e fshatit Bukuroc\u00eb kan\u00eb l\u00ebshuar disa hektare tok\u00eb.<\/b><\/p>\n<p><b>Fshati sot ka shkoll\u00ebn e re e cila \u00ebsht\u00eb zgjeruar,rrug\u00eb t\u00eb asfaltuar,kanalizimin,parqe dhe fusha sportive ku rinia zhvillojn aktivitete sportive.<\/b><\/p>\n<p><b>M\u00eb 01.10..2013 ka mbaruar asfaltimi I rrug\u00ebs Bukuroc- Zhunic\u00eb me distanc prej 1.8 km dhe me gj\u00ebrsi 5 m . <\/b><\/p>\n","protected":false},"excerpt":{"rendered":"<p>Fshati Bukuroc gjindet 7 km larg, n\u00eb veri lindje t\u00eb qytetit t\u00eb Preshev\u00ebs,n\u00eb lindje t\u00eb fshatit gjendet Autostrada E75 n\u00eb perendim gjendet Hekurudha Beograd-Selanik, nd\u00ebrsa kufizohet me fshatrat Zhunic\u00eb, Rahovic\u00eb, Corrotic\u00eb dhe p\u00ebrtej magjistrales E75 kufizohet me fshatin Bila\u00e7 dhe Bushtran. Bashk\u00ebsia lokale Bukuroc num\u00ebron mbi 180 sht\u00ebpi me gjith\u00ebsej afro 1.000 banor\u00eb. Nd\u00ebrsa mbi &hellip; <\/p>\n<p><a class=\"more-link btn\" href=\"http:\/\/bukuroca.org\/?page_id=2\">Continue reading<\/a><\/p>\n","protected":false},"author":3,"featured_media":0,"parent":0,"menu_order":20,"comment_status":"closed","ping_status":"closed","template":"template-onecolumn.php","meta":{"ngg_post_thumbnail":0,"footnotes":""},"_links":{"self":[{"href":"http:\/\/bukuroca.org\/index.php?rest_route=\/wp\/v2\/pages\/2"}],"collection":[{"href":"http:\/\/bukuroca.org\/index.php?rest_route=\/wp\/v2\/pages"}],"about":[{"href":"http:\/\/bukuroca.org\/index.php?rest_route=\/wp\/v2\/types\/page"}],"author":[{"embeddable":true,"href":"http:\/\/bukuroca.org\/index.php?rest_route=\/wp\/v2\/users\/3"}],"replies":[{"embeddable":true,"href":"http:\/\/bukuroca.org\/index.php?rest_route=%2Fwp%2Fv2%2Fcomments&post=2"}],"version-history":[{"count":5,"href":"http:\/\/bukuroca.org\/index.php?rest_route=\/wp\/v2\/pages\/2\/revisions"}],"predecessor-version":[{"id":48,"href":"http:\/\/bukuroca.org\/index.php?rest_route=\/wp\/v2\/pages\/2\/revisions\/48"}],"wp:attachment":[{"href":"http:\/\/bukuroca.org\/index.php?rest_route=%2Fwp%2Fv2%2Fmedia&parent=2"}],"curies":[{"name":"wp","href":"https:\/\/api.w.org\/{rel}","templated":true}]}}